{"id":12063,"date":"2020-05-07T19:54:15","date_gmt":"2020-05-07T17:54:15","guid":{"rendered":"http:\/\/georgakoudis.net\/?page_id=12063"},"modified":"2020-05-07T19:58:55","modified_gmt":"2020-05-07T17:58:55","slug":"a-propos","status":"publish","type":"page","link":"https:\/\/georgakoudis.net\/index.php\/a-propos\/","title":{"rendered":"\u00c0 PROPOS"},"content":{"rendered":"<h3>Auteur photographe &#8211; N\u00b0 Siret : 792 099 657 00019<\/h3>\n<p>M\u00e9t\u00e8que cong\u00e9nital, mais implant\u00e9 \u00e0 Strasbourg, je me d\u00e9finis comme un photographe polyamoureux (argentique-num\u00e9rique, photo de rue-portrait-spectacle, occasionnellement macro).<\/p>\n<p>Du reste, j&#8217;aime bien l&#8217;id\u00e9e selon laquelle une oeuvre d&#8217;art se doit de pouvoir parler par elle-m\u00eame, \u00e0 supposer que ce que je fais soit de l&#8217;art&#8230;<\/p>\n","protected":false},"excerpt":{"rendered":"<p>Auteur photographe &#8211; N\u00b0 Siret : 792 099 657 00019 M\u00e9t\u00e8que cong\u00e9nital, mais implant\u00e9 \u00e0 Strasbourg, je me d\u00e9finis comme un photographe polyamoureux (argentique-num\u00e9rique, photo de rue-portrait-spectacle, occasionnellement macro). Du reste, j&#8217;aime bien l&#8217;id\u00e9e selon laquelle une oeuvre d&#8217;art se doit de pouvoir parler par elle-m\u00eame, \u00e0 supposer que ce que je fais soit de l&#8217;art&#8230;<\/p>\n","protected":false},"author":1,"featured_media":0,"parent":0,"menu_order":0,"comment_status":"closed","ping_status":"closed","template":"","meta":{"footnotes":""},"_links":{"self":[{"href":"https:\/\/georgakoudis.net\/index.php\/wp-json\/wp\/v2\/pages\/12063"}],"collection":[{"href":"https:\/\/georgakoudis.net\/index.php\/wp-json\/wp\/v2\/pages"}],"about":[{"href":"https:\/\/georgakoudis.net\/index.php\/wp-json\/wp\/v2\/types\/page"}],"author":[{"embeddable":true,"href":"https:\/\/georgakoudis.net\/index.php\/wp-json\/wp\/v2\/users\/1"}],"replies":[{"embeddable":true,"href":"https:\/\/georgakoudis.net\/index.php\/wp-json\/wp\/v2\/comments?post=12063"}],"version-history":[{"count":1,"href":"https:\/\/georgakoudis.net\/index.php\/wp-json\/wp\/v2\/pages\/12063\/revisions"}],"predecessor-version":[{"id":12064,"href":"https:\/\/georgakoudis.net\/index.php\/wp-json\/wp\/v2\/pages\/12063\/revisions\/12064"}],"wp:attachment":[{"href":"https:\/\/georgakoudis.net\/index.php\/wp-json\/wp\/v2\/media?parent=12063"}],"curies":[{"name":"wp","href":"https:\/\/api.w.org\/{rel}","templated":true}]}}